{"id":1496,"date":"2016-11-23T14:33:15","date_gmt":"2016-11-23T14:33:15","guid":{"rendered":"https:\/\/quintadacabrita.pt\/c\/home\/"},"modified":"2024-02-09T13:46:07","modified_gmt":"2024-02-09T12:46:07","slug":"home","status":"publish","type":"page","link":"https:\/\/www.quintadacabrita.pt\/en\/","title":{"rendered":"Home"},"content":{"rendered":"<div class=\"wpb-content-wrapper\"><p>[vc_row][vc_column width=&#8221;5\/6&#8243; boxed=&#8221;boxed&#8221; offset=&#8221;vc_col-sm-offset-1&#8243;]<div class=\"heading_group_sc wpb_content_element subtitle_bottom   vc_custom_1539295626757  text-center\">\n\n\n    <h2>WELCOME<\/h2>\n\n\n        <span class=\"subtitle\"><\/span>\n\n<\/div>[vc_column_text]<\/p>\n<p style=\"text-align: center;\">The calmness of days gone by amidst ten acres of vineyards and farmland.\u00a0Set in extensive grounds amongst the scenic Ribatejo countryside, Quinta da Cabrita is an idyllic rural retreat offering comfort and style in a tranquil setting.<\/p>\n<p style=\"text-align: center;\">The property dates from the 1700\u2019s and has been passed down the line of several generations who have eagerly striven to preserve its history and essence. At Quinta da Cabrita we value tradition, peacefulness and tranquility, and we invite guests to do the same. Our mission is to create a relaxed and friendly atmosphere that makes everyone feel at home, whatever the occasion. We invite you to experience the uniqueness of a timeless place, where the harmonious combination of comfort and tradition makes you forget the hustle and bustle of everyday life.\u00a0 Discover the rich history of Quinta da Cabrita and the Ribatejo wine region which is yours to explore at your pace.<\/p>\n<p>[\/vc_column_text][vc_empty_space][vc_column_text]<\/p>\n<p style=\"text-align: center;\">The Quinta da Cabrita team<\/p>\n<p>[\/vc_column_text][\/vc_column][\/vc_row][vc_row full_width=&#8221;stretch_row_content&#8221; transparent=&#8221;transparent&#8221; row_padding_top=&#8221;padding_top_none&#8221;][vc_column width=&#8221;1\/5&#8243;]<!-- ========================== HOVER BOX ==========================-->\n\n<div style=\"background-image: url('https:\/\/www.quintadacabrita.pt\/c\/wp-content\/uploads\/2016\/11\/QC-CASA-AMEIXOEIRA-CAPA-01S.jpg')\" class=\"hoverbox wpb_content_element black_section neutralize_links stretchy_wrapper ratio_2-3  \">\n<div class=\"hoverbox_tran black_section transparent_film\"><\/div>\n\t<a href=\"https:\/\/www.quintadacabrita.pt\/en\/casa\/casa-da-ameixoeira\/\">\n\t\t<div class=\"hoverbox_title\">\n\t\t\t<h2>CASA DA AMEIXOEIRA<\/h2>\n\t\t<\/div>\n\t\t<div class=\"hoverbox_paragraph\">\n\t\t\t<p>This 1-bedroom, 1-bathroom cottage boasts a charming living room complete with exposed brick fireplace, dining area and a fully equipped kitchenette. The perfect choice for a bucolic getaway.<\/p>\n\t\t<\/div>\n\t<\/a>\t\n<\/div>\n\n<!-- END======================= HOVER BOX ==========================-->[\/vc_column][vc_column width=&#8221;1\/5&#8243;]<!-- ========================== HOVER BOX ==========================-->\n\n<div style=\"background-image: url('https:\/\/www.quintadacabrita.pt\/c\/wp-content\/uploads\/2016\/11\/QC-CASA-AMENDOEIRA-CAPA-03S.jpg')\" class=\"hoverbox wpb_content_element black_section neutralize_links stretchy_wrapper ratio_2-3  \">\n<div class=\"hoverbox_tran black_section transparent_film\"><\/div>\n\t<a href=\"https:\/\/www.quintadacabrita.pt\/en\/casa\/casa-da-amendoeira\/\">\n\t\t<div class=\"hoverbox_title\">\n\t\t\t<h2>CASA DA AMENDOEIRA<\/h2>\n\t\t<\/div>\n\t\t<div class=\"hoverbox_paragraph\">\n\t\t\t<p>This 1-bedroom, 1-bathroom cottage was thoughtfully designed with style and comfort in mind. The pure white walls blended with wood and genuine leather furnishings create an overall feel of warmth and relaxed elegance.<\/p>\n\t\t<\/div>\n\t<\/a>\t\n<\/div>\n\n<!-- END======================= HOVER BOX ==========================-->[\/vc_column][vc_column width=&#8221;1\/5&#8243;]<!-- ========================== HOVER BOX ==========================-->\n\n<div style=\"background-image: url('https:\/\/www.quintadacabrita.pt\/c\/wp-content\/uploads\/2016\/11\/QC-CASA-LARANJEIRA-CAPA-1611M.jpg')\" class=\"hoverbox wpb_content_element black_section neutralize_links stretchy_wrapper ratio_2-3  \">\n<div class=\"hoverbox_tran black_section transparent_film\"><\/div>\n\t<a href=\"https:\/\/www.quintadacabrita.pt\/en\/casa\/casa-da-laranjeira\/\">\n\t\t<div class=\"hoverbox_title\">\n\t\t\t<h2>CASA DA LARANJEIRA<\/h2>\n\t\t<\/div>\n\t\t<div class=\"hoverbox_paragraph\">\n\t\t\t<p>This bright 1-bedroom, 1-bathroom cottage incorporates a mezzanine level that overlooks the light-flooded living area and the crackling fire below. A truly magical ambience that makes for a memorable stay. The perfect choice for a romantic break.<\/p>\n\t\t<\/div>\n\t<\/a>\t\n<\/div>\n\n<!-- END======================= HOVER BOX ==========================-->[\/vc_column][vc_column width=&#8221;1\/5&#8243;]<!-- ========================== HOVER BOX ==========================-->\n\n<div style=\"background-image: url('https:\/\/www.quintadacabrita.pt\/c\/wp-content\/uploads\/2016\/11\/QC-CASA-OLIVEIRAS-CAPA-6M.jpg')\" class=\"hoverbox wpb_content_element black_section neutralize_links stretchy_wrapper ratio_2-3  \">\n<div class=\"hoverbox_tran black_section transparent_film\"><\/div>\n\t<a href=\"https:\/\/www.quintadacabrita.pt\/en\/casa\/casa-das-oliveiras\/\">\n\t\t<div class=\"hoverbox_title\">\n\t\t\t<h2>CASA DAS OLIVEIRAS<\/h2>\n\t\t<\/div>\n\t\t<div class=\"hoverbox_paragraph\">\n\t\t\t<p>The perfect choice for a family getaway.\u00a0This 2-bedroom, 2-bathroom cottage provides ample space for those looking for a family holiday in a wonderful countryside setting. <span class=\"Apple-converted-space\">\u00a0<\/span><\/p>\n\t\t<\/div>\n\t<\/a>\t\n<\/div>\n\n<!-- END======================= HOVER BOX ==========================-->[\/vc_column][vc_column width=&#8221;1\/5&#8243;]<!-- ========================== HOVER BOX ==========================-->\n\n<div style=\"background-image: url('https:\/\/www.quintadacabrita.pt\/c\/wp-content\/uploads\/2024\/02\/QC-CASA-LIMOEIRO-CAPA.jpg')\" class=\"hoverbox wpb_content_element black_section neutralize_links stretchy_wrapper ratio_2-3  \">\n<div class=\"hoverbox_tran black_section transparent_film\"><\/div>\n\t<a href=\"https:\/\/www.quintadacabrita.pt\/en\/casa\/casa-do-limoeiro\/\">\n\t\t<div class=\"hoverbox_title\">\n\t\t\t<h2>CASA DO LIMOEIRO<\/h2>\n\t\t<\/div>\n\t\t<div class=\"hoverbox_paragraph\">\n\t\t\t<p>This T1 features a welcoming environment, consisting of a bedroom with a bathroom, a spacious living room, and a fully equipped kitchenette.<\/p>\n\t\t<\/div>\n\t<\/a>\t\n<\/div>\n\n<!-- END======================= HOVER BOX ==========================-->[\/vc_column][\/vc_row][vc_row full_width=&#8221;stretch_row_content_no_spaces&#8221; css=&#8221;.vc_custom_1526471383540{margin-top: 0px !important;margin-bottom: 0px !important;border-top-width: 0px !important;border-bottom-width: 0px !important;padding-top: 0px !important;padding-bottom: 0px !important;}&#8221;][vc_column css=&#8221;.vc_custom_1526471467972{margin-top: 0px !important;border-top-width: 0px !important;padding-top: 0px !important;}&#8221;]<div class=\"plethora_button wpb_content_element  vc_custom_1539296092169  text-center \">\n    <a href=\"https:\/\/www.quintadacabrita.pt\/en\/contact\/\" class=\"btn-lg btn btn-secondary  \" title=\"\"  target=\"_self\">\n\n        \n        Contact &amp; Info\n        \n\n    <\/a>\n<\/div>[vc_empty_space height=&#8221;64px&#8221;][vc_column_text]<div id=\"wpgmza_map\" class=\"wpgmza_map\" data-settings='{\"id\":\"1\",\"map_title\":\"Quinta da Cabrita\",\"map_width\":\"100\",\"map_height\":\"400\",\"map_start_lat\":\"39.289344\",\"map_start_lng\":\"-8.751490\",\"map_start_location\":\"39.289343871697774,-8.751490451395512\",\"map_start_zoom\":\"9\",\"default_marker\":\"0\",\"type\":\"1\",\"alignment\":\"1\",\"directions_enabled\":\"1\",\"styling_enabled\":\"0\",\"styling_json\":\"\",\"active\":\"0\",\"kml\":\"\",\"bicycle\":\"0\",\"traffic\":\"0\",\"dbox\":\"1\",\"dbox_width\":\"100\",\"listmarkers\":\"0\",\"listmarkers_advanced\":\"0\",\"filterbycat\":\"0\",\"ugm_enabled\":\"0\",\"ugm_category_enabled\":\"0\",\"fusion\":\"\",\"map_width_type\":\"\\\\%\",\"map_height_type\":\"px\",\"mass_marker_support\":\"1\",\"ugm_access\":\"0\",\"order_markers_by\":\"1\",\"order_markers_choice\":\"2\",\"show_user_location\":\"0\",\"default_to\":\"\",\"other_settings\":{\"store_locator_enabled\":2,\"store_locator_distance\":2,\"store_locator_default_radius\":\"10\",\"store_locator_not_found_message\":\"No results found in this location. Please try again.\",\"store_locator_bounce\":1,\"store_locator_query_string\":\"ZIP \\\/ Address:\",\"store_locator_default_address\":\"\",\"wpgmza_store_locator_restrict\":\"\",\"store_locator_style\":\"modern\",\"wpgmza_store_locator_radius_style\":\"modern\",\"map_max_zoom\":\"1\",\"transport_layer\":0,\"wpgmza_theme_data\":\"[{\\\\\\\"featureType\\\\\\\":\\\\\\\"administrative.locality\\\\\\\",\\\\\\\"elementType\\\\\\\":\\\\\\\"all\\\\\\\",\\\\\\\"stylers\\\\\\\":[{\\\\\\\"hue\\\\\\\":\\\\\\\"#2c2e33\\\\\\\"},{\\\\\\\"saturation\\\\\\\":7},{\\\\\\\"lightness\\\\\\\":19},{\\\\\\\"visibility\\\\\\\":\\\\\\\"on\\\\\\\"}]},{\\\\\\\"featureType\\\\\\\":\\\\\\\"landscape\\\\\\\",\\\\\\\"elementType\\\\\\\":\\\\\\\"all\\\\\\\",\\\\\\\"stylers\\\\\\\":[{\\\\\\\"hue\\\\\\\":\\\\\\\"#ffffff\\\\\\\"},{\\\\\\\"saturation\\\\\\\":-100},{\\\\\\\"lightness\\\\\\\":100},{\\\\\\\"visibility\\\\\\\":\\\\\\\"simplified\\\\\\\"}]},{\\\\\\\"featureType\\\\\\\":\\\\\\\"poi\\\\\\\",\\\\\\\"elementType\\\\\\\":\\\\\\\"all\\\\\\\",\\\\\\\"stylers\\\\\\\":[{\\\\\\\"hue\\\\\\\":\\\\\\\"#ffffff\\\\\\\"},{\\\\\\\"saturation\\\\\\\":-100},{\\\\\\\"lightness\\\\\\\":100},{\\\\\\\"visibility\\\\\\\":\\\\\\\"off\\\\\\\"}]},{\\\\\\\"featureType\\\\\\\":\\\\\\\"road\\\\\\\",\\\\\\\"elementType\\\\\\\":\\\\\\\"geometry\\\\\\\",\\\\\\\"stylers\\\\\\\":[{\\\\\\\"hue\\\\\\\":\\\\\\\"#bbc0c4\\\\\\\"},{\\\\\\\"saturation\\\\\\\":-93},{\\\\\\\"lightness\\\\\\\":31},{\\\\\\\"visibility\\\\\\\":\\\\\\\"simplified\\\\\\\"}]},{\\\\\\\"featureType\\\\\\\":\\\\\\\"road\\\\\\\",\\\\\\\"elementType\\\\\\\":\\\\\\\"labels\\\\\\\",\\\\\\\"stylers\\\\\\\":[{\\\\\\\"hue\\\\\\\":\\\\\\\"#bbc0c4\\\\\\\"},{\\\\\\\"saturation\\\\\\\":-93},{\\\\\\\"lightness\\\\\\\":31},{\\\\\\\"visibility\\\\\\\":\\\\\\\"on\\\\\\\"}]},{\\\\\\\"featureType\\\\\\\":\\\\\\\"road.arterial\\\\\\\",\\\\\\\"elementType\\\\\\\":\\\\\\\"labels\\\\\\\",\\\\\\\"stylers\\\\\\\":[{\\\\\\\"hue\\\\\\\":\\\\\\\"#bbc0c4\\\\\\\"},{\\\\\\\"saturation\\\\\\\":-93},{\\\\\\\"lightness\\\\\\\":-2},{\\\\\\\"visibility\\\\\\\":\\\\\\\"simplified\\\\\\\"}]},{\\\\\\\"featureType\\\\\\\":\\\\\\\"road.local\\\\\\\",\\\\\\\"elementType\\\\\\\":\\\\\\\"geometry\\\\\\\",\\\\\\\"stylers\\\\\\\":[{\\\\\\\"hue\\\\\\\":\\\\\\\"#e9ebed\\\\\\\"},{\\\\\\\"saturation\\\\\\\":-90},{\\\\\\\"lightness\\\\\\\":-8},{\\\\\\\"visibility\\\\\\\":\\\\\\\"simplified\\\\\\\"}]},{\\\\\\\"featureType\\\\\\\":\\\\\\\"transit\\\\\\\",\\\\\\\"elementType\\\\\\\":\\\\\\\"all\\\\\\\",\\\\\\\"stylers\\\\\\\":[{\\\\\\\"hue\\\\\\\":\\\\\\\"#e9ebed\\\\\\\"},{\\\\\\\"saturation\\\\\\\":10},{\\\\\\\"lightness\\\\\\\":69},{\\\\\\\"visibility\\\\\\\":\\\\\\\"on\\\\\\\"}]},{\\\\\\\"featureType\\\\\\\":\\\\\\\"water\\\\\\\",\\\\\\\"elementType\\\\\\\":\\\\\\\"all\\\\\\\",\\\\\\\"stylers\\\\\\\":[{\\\\\\\"hue\\\\\\\":\\\\\\\"#e9ebed\\\\\\\"},{\\\\\\\"saturation\\\\\\\":-78},{\\\\\\\"lightness\\\\\\\":67},{\\\\\\\"visibility\\\\\\\":\\\\\\\"simplified\\\\\\\"}]}]\",\"wpgmza_theme_selection\":7,\"wpgmza_show_points_of_interest\":1}}' data-map-id='1' Data-maps-engine='' data-shortcode-attributes='{\"id\":\"1\"}' style=\"display:block; overflow:auto; width:100%; height:400px; float:left;\"><\/div>[\/vc_column_text][\/vc_column][\/vc_row][vc_row full_width=&#8221;stretch_row&#8221; color_set=&#8221;light_section&#8221; align=&#8221;text-center&#8221;][vc_column width=&#8221;2\/3&#8243; align=&#8221;text-center&#8221; offset=&#8221;vc_col-sm-offset-2&#8243;]<div class=\"ple_anypostloop_shortcode wpb_content_element text-center \"><div id=\"slider_5858eb293cba4\" class=\"testimonials_slider_classic_wrapper \">   \n    <div class=\"testimonials_list_item \">\n    \t<div class=\"row\">\n\t        <div class=\"col-sm-12\">\n\t\t        <div class=\"testimonials_list_text\">\n\t\t            \n\t\t            <div class=\"testimonials_list_text_editor\"><p>Loved everything. Fantastic 1-bed cottage. Well appointed, elegantly decorated and spotless clean. Amazing terrace. Lavish breakfast. Everything was perfect. Staff were extremely helpful and professional, and everyone made us feel very welcome. All our requests were promptly met. TOP<\/p>\n<\/div>\n\t\t            <span class=\"testimonial_author\">Pedro<\/span>\n\t\t            <span class=\"testimonial_author_role\">in Booking<\/span>\n\t\t        <\/div>\n\t        <\/div>\n        <\/div>\n    <\/div>\n    <div class=\"testimonials_list_item \">\n    \t<div class=\"row\">\n\t        <div class=\"col-sm-12\">\n\t\t        <div class=\"testimonials_list_text\">\n\t\t            \n\t\t            <div class=\"testimonials_list_text_editor\"><p>What a fantastic place! Great accommodation and beautiful outdoors. Very comfortable cottage with cosy fireplace. Breakfast was amazing and varied.<\/p>\n<p>.<\/p>\n<\/div>\n\t\t            <span class=\"testimonial_author\">Bbenedito<\/span>\n\t\t            <span class=\"testimonial_author_role\">in Booking<\/span>\n\t\t        <\/div>\n\t        <\/div>\n        <\/div>\n    <\/div>\n    <div class=\"testimonials_list_item \">\n    \t<div class=\"row\">\n\t        <div class=\"col-sm-12\">\n\t\t        <div class=\"testimonials_list_text\">\n\t\t            \n\t\t            <div class=\"testimonials_list_text_editor\"><p>Very cosy rural atmosphere, excellent customer service. Wish we could have stayed longer!&#8230; Will definitely be back.<\/p>\n<\/div>\n\t\t            <span class=\"testimonial_author\">Paulina Cardigos<\/span>\n\t\t            <span class=\"testimonial_author_role\">in Facebook<\/span>\n\t\t        <\/div>\n\t        <\/div>\n        <\/div>\n    <\/div>\n    <div class=\"testimonials_list_item \">\n    \t<div class=\"row\">\n\t        <div class=\"col-sm-12\">\n\t\t        <div class=\"testimonials_list_text\">\n\t\t            \n\t\t            <div class=\"testimonials_list_text_editor\"><p>Great property, comfortable and beautifully decorated. Attention to detail. Our hosts were very friendly and accommodating.<\/p>\n<\/div>\n\t\t            <span class=\"testimonial_author\">Maria<\/span>\n\t\t            <span class=\"testimonial_author_role\">in Booking<\/span>\n\t\t        <\/div>\n\t        <\/div>\n        <\/div>\n    <\/div>\n    <div class=\"testimonials_list_item \">\n    \t<div class=\"row\">\n\t        <div class=\"col-sm-12\">\n\t\t        <div class=\"testimonials_list_text\">\n\t\t            \n\t\t            <div class=\"testimonials_list_text_editor\"><p>Very cosy cottage with great fireplace for the cooler days. Staff were extremely efficient and made sure the place was nice and warm prior to our arrival. Breakfast was delivered to our cottage just as we had requested (the croissants, the freshly baked bread and the freshly squeezed orange juice were heavenly!)<span class=\"Apple-converted-space\">\u00a0 <\/span>Very pleasant outdoors with a great pool area that looked amazing for relaxing in summertime. Overall, we thoroughly enjoyed our stay.<\/p>\n<\/div>\n\t\t            <span class=\"testimonial_author\">Jojoanaa<\/span>\n\t\t            <span class=\"testimonial_author_role\">in Booking <\/span>\n\t\t        <\/div>\n\t        <\/div>\n        <\/div>\n    <\/div>\n    <div class=\"testimonials_list_item \">\n    \t<div class=\"row\">\n\t        <div class=\"col-sm-12\">\n\t\t        <div class=\"testimonials_list_text\">\n\t\t            \n\t\t            <div class=\"testimonials_list_text_editor\"><p>Amazing place! Nice and friendly staff, great houses and calm place to stay. If you don`t have a car, you can get to city in 10 minutes<\/p>\n<\/div>\n\t\t            <span class=\"testimonial_author\">Ji\u0159\u00ed Urb\u00e1nek<\/span>\n\t\t            <span class=\"testimonial_author_role\">in Google<\/span>\n\t\t        <\/div>\n\t        <\/div>\n        <\/div>\n    <\/div>\n    <div class=\"testimonials_list_item \">\n    \t<div class=\"row\">\n\t        <div class=\"col-sm-12\">\n\t\t        <div class=\"testimonials_list_text\">\n\t\t            \n\t\t            <div class=\"testimonials_list_text_editor\"><p>Staff were very helpful and professional. Privacy, comfort. Santar\u00e9m within easy reach. Will be back.<\/p>\n<\/div>\n\t\t            <span class=\"testimonial_author\">Andreia<\/span>\n\t\t            <span class=\"testimonial_author_role\">in Booking<\/span>\n\t\t        <\/div>\n\t        <\/div>\n        <\/div>\n    <\/div>\n    <div class=\"testimonials_list_item \">\n    \t<div class=\"row\">\n\t        <div class=\"col-sm-12\">\n\t\t        <div class=\"testimonials_list_text\">\n\t\t            \n\t\t            <div class=\"testimonials_list_text_editor\"><p>Great place, loved all the amenities and the tranquil rural setting. WONDERFUL!!<\/p>\n<\/div>\n\t\t            <span class=\"testimonial_author\">Ema<\/span>\n\t\t            <span class=\"testimonial_author_role\">in Booking<\/span>\n\t\t        <\/div>\n\t        <\/div>\n        <\/div>\n    <\/div>\n<\/div><\/div>[\/vc_column][\/vc_row][vc_row full_width=&#8221;stretch_row_content&#8221; css=&#8221;.vc_custom_1568040012053{padding-top: 0px !important;padding-bottom: 0px !important;background-color: #ffffff !important;}&#8221;][vc_column][vc_separator color=&#8221;white&#8221;][vc_empty_space][vc_column_text]<a href=\"https:\/\/www.livroreclamacoes.pt\/inicio\" target=\"_blank\" rel=\"noopener\"><img loading=\"lazy\" decoding=\"async\" class=\"size-full wp-image-1795 aligncenter\" src=\"https:\/\/www.quintadacabrita.pt\/c\/wp-content\/uploads\/2019\/09\/i010899.png\" alt=\"Livro de Reclama\u00e7\u00f5es\" width=\"140\" height=\"58\" \/><\/a><\/p>\n<p style=\"text-align: center;\">We have a complaint book<\/p>\n<p>[\/vc_column_text][vc_empty_space][vc_separator][\/vc_column][\/vc_row]<\/p>\n<\/div>","protected":false},"excerpt":{"rendered":"<p>[vc_row][vc_column width=&#8221;5\/6&#8243; boxed=&#8221;boxed&#8221; offset=&#8221;vc_col-sm-offset-1&#8243;][vc_column_text] The calmness of days gone by amidst ten acres of vineyards and farmland.\u00a0Set in extensive grounds amongst the scenic Ribatejo countryside, Quinta da Cabrita is an idyllic rural retreat offering comfort and style in a tranquil setting. The property dates from the 1700\u2019s and has been passed down the line of [&hellip;]<\/p>\n","protected":false},"author":1,"featured_media":0,"parent":0,"menu_order":0,"comment_status":"closed","ping_status":"closed","template":"","meta":{"footnotes":""},"_links":{"self":[{"href":"https:\/\/www.quintadacabrita.pt\/en\/wp-json\/wp\/v2\/pages\/1496"}],"collection":[{"href":"https:\/\/www.quintadacabrita.pt\/en\/wp-json\/wp\/v2\/pages"}],"about":[{"href":"https:\/\/www.quintadacabrita.pt\/en\/wp-json\/wp\/v2\/types\/page"}],"author":[{"embeddable":true,"href":"https:\/\/www.quintadacabrita.pt\/en\/wp-json\/wp\/v2\/users\/1"}],"replies":[{"embeddable":true,"href":"https:\/\/www.quintadacabrita.pt\/en\/wp-json\/wp\/v2\/comments?post=1496"}],"version-history":[{"count":14,"href":"https:\/\/www.quintadacabrita.pt\/en\/wp-json\/wp\/v2\/pages\/1496\/revisions"}],"predecessor-version":[{"id":1956,"href":"https:\/\/www.quintadacabrita.pt\/en\/wp-json\/wp\/v2\/pages\/1496\/revisions\/1956"}],"wp:attachment":[{"href":"https:\/\/www.quintadacabrita.pt\/en\/wp-json\/wp\/v2\/media?parent=1496"}],"curies":[{"name":"wp","href":"https:\/\/api.w.org\/{rel}","templated":true}]}}